{"id":3217,"date":"2024-01-22T14:55:38","date_gmt":"2024-01-22T14:55:38","guid":{"rendered":"https:\/\/raicesargentinas.it\/product\/gran-reserva-fiano\/"},"modified":"2024-01-22T15:49:25","modified_gmt":"2024-01-22T15:49:25","slug":"gran-reserva-fiano","status":"publish","type":"product","link":"https:\/\/raicesargentinas.it\/fr\/product\/gran-reserva-fiano\/","title":{"rendered":"GRAN RESERVA FIANO"},"content":{"rendered":"<p>Vin blanc 100% Fiano, aux reflets dor\u00e9s. Au nez, il pr\u00e9sente des ar\u00f4mes de fleurs blanches comme le jasmin, et d&rsquo;\u00e9pices. Il a une entr\u00e9e fra\u00eeche et s\u00e8che, avec une longue persistance en bouche. Le vieillissement est surtout per\u00e7u en fin de bouche.<\/p>\n","protected":false},"excerpt":{"rendered":"<p>Vin blanc 100% Fiano, aux reflets dor\u00e9s. Au nez, il pr\u00e9sente des ar\u00f4mes de fleurs blanches comme le jasmin, et d&rsquo;\u00e9pices. Il a une entr\u00e9e fra\u00eeche et s\u00e8che, avec une longue persistance en bouche. Le vieillissement est surtout per\u00e7u en fin de bouche.<\/p>\n","protected":false},"featured_media":3208,"template":"","meta":[],"product_cat":[114,255],"product_tag":[271,270],"_links":{"self":[{"href":"https:\/\/raicesargentinas.it\/fr\/wp-json\/wp\/v2\/product\/3217"}],"collection":[{"href":"https:\/\/raicesargentinas.it\/fr\/wp-json\/wp\/v2\/product"}],"about":[{"href":"https:\/\/raicesargentinas.it\/fr\/wp-json\/wp\/v2\/types\/product"}],"wp:featuredmedia":[{"embeddable":true,"href":"https:\/\/raicesargentinas.it\/fr\/wp-json\/wp\/v2\/media\/3208"}],"wp:attachment":[{"href":"https:\/\/raicesargentinas.it\/fr\/wp-json\/wp\/v2\/media?parent=3217"}],"wp:term":[{"taxonomy":"product_cat","embeddable":true,"href":"https:\/\/raicesargentinas.it\/fr\/wp-json\/wp\/v2\/product_cat?post=3217"},{"taxonomy":"product_tag","embeddable":true,"href":"https:\/\/raicesargentinas.it\/fr\/wp-json\/wp\/v2\/product_tag?post=3217"}],"curies":[{"name":"wp","href":"https:\/\/api.w.org\/{rel}","templated":true}]}}