{"id":3293,"date":"2024-06-23T22:43:26","date_gmt":"2024-06-23T22:43:26","guid":{"rendered":"https:\/\/raicesargentinas.it\/product\/london-dry-gin-2\/"},"modified":"2024-06-23T22:50:41","modified_gmt":"2024-06-23T22:50:41","slug":"london-dry-gin-2","status":"publish","type":"product","link":"https:\/\/raicesargentinas.it\/fr\/product\/london-dry-gin-2\/","title":{"rendered":"LONDON DRY GIN"},"content":{"rendered":"<p>London Dry Gin \u00e0 l&rsquo;ar\u00f4me frais, au palais doux et \u00e0 la finale somptueuse, o\u00f9 le geni\u00e8vre pr\u00e9domine. London Dry Gin \u00e0 l&rsquo;ar\u00f4me frais, au palais doux et \u00e0 la finale somptueuse, o\u00f9 le geni\u00e8vre est pr\u00e9dominant.<\/p>\n","protected":false},"excerpt":{"rendered":"<p>London Dry Gin \u00e0 l&rsquo;ar\u00f4me frais, au palais doux et \u00e0 la finale somptueuse, o\u00f9 le geni\u00e8vre pr\u00e9domine. London Dry Gin \u00e0 l&rsquo;ar\u00f4me frais, au palais doux et \u00e0 la finale somptueuse, o\u00f9 le geni\u00e8vre est pr\u00e9dominant.<\/p>\n","protected":false},"featured_media":3284,"template":"","meta":[],"product_cat":[301,307],"product_tag":[],"_links":{"self":[{"href":"https:\/\/raicesargentinas.it\/fr\/wp-json\/wp\/v2\/product\/3293"}],"collection":[{"href":"https:\/\/raicesargentinas.it\/fr\/wp-json\/wp\/v2\/product"}],"about":[{"href":"https:\/\/raicesargentinas.it\/fr\/wp-json\/wp\/v2\/types\/product"}],"wp:featuredmedia":[{"embeddable":true,"href":"https:\/\/raicesargentinas.it\/fr\/wp-json\/wp\/v2\/media\/3284"}],"wp:attachment":[{"href":"https:\/\/raicesargentinas.it\/fr\/wp-json\/wp\/v2\/media?parent=3293"}],"wp:term":[{"taxonomy":"product_cat","embeddable":true,"href":"https:\/\/raicesargentinas.it\/fr\/wp-json\/wp\/v2\/product_cat?post=3293"},{"taxonomy":"product_tag","embeddable":true,"href":"https:\/\/raicesargentinas.it\/fr\/wp-json\/wp\/v2\/product_tag?post=3293"}],"curies":[{"name":"wp","href":"https:\/\/api.w.org\/{rel}","templated":true}]}}