{"id":3496,"date":"2025-01-31T13:34:10","date_gmt":"2025-01-31T13:34:10","guid":{"rendered":"https:\/\/raicesargentinas.it\/product\/estate-chardonnay\/"},"modified":"2025-02-03T19:34:55","modified_gmt":"2025-02-03T19:34:55","slug":"estate-chardonnay","status":"publish","type":"product","link":"https:\/\/raicesargentinas.it\/fr\/product\/estate-chardonnay\/","title":{"rendered":"ESTATE &#8211; CHARDONNAY"},"content":{"rendered":"<p>Vin blanc 100% Chardonnay. Frais et l\u00e9ger, de couleur dor\u00e9e aux reflets verd\u00e2tres et aux ar\u00f4mes de fruits blancs comme la banane et la poire, et d&rsquo;agrumes comme le citron vert, accompagn\u00e9s de quelques notes min\u00e9rales. En bouche, il est d\u00e9licat et \u00e9quilibr\u00e9<\/p>\n","protected":false},"excerpt":{"rendered":"<p>Vin blanc 100% Chardonnay. Frais et l\u00e9ger, de couleur dor\u00e9e aux reflets verd\u00e2tres et aux ar\u00f4mes de fruits blancs comme la banane et la poire, et d&rsquo;agrumes comme le citron vert, accompagn\u00e9s de quelques notes min\u00e9rales. En bouche, il est d\u00e9licat et \u00e9quilibr\u00e9<\/p>\n","protected":false},"featured_media":3480,"template":"","meta":[],"product_cat":[114,255],"product_tag":[],"_links":{"self":[{"href":"https:\/\/raicesargentinas.it\/fr\/wp-json\/wp\/v2\/product\/3496"}],"collection":[{"href":"https:\/\/raicesargentinas.it\/fr\/wp-json\/wp\/v2\/product"}],"about":[{"href":"https:\/\/raicesargentinas.it\/fr\/wp-json\/wp\/v2\/types\/product"}],"wp:featuredmedia":[{"embeddable":true,"href":"https:\/\/raicesargentinas.it\/fr\/wp-json\/wp\/v2\/media\/3480"}],"wp:attachment":[{"href":"https:\/\/raicesargentinas.it\/fr\/wp-json\/wp\/v2\/media?parent=3496"}],"wp:term":[{"taxonomy":"product_cat","embeddable":true,"href":"https:\/\/raicesargentinas.it\/fr\/wp-json\/wp\/v2\/product_cat?post=3496"},{"taxonomy":"product_tag","embeddable":true,"href":"https:\/\/raicesargentinas.it\/fr\/wp-json\/wp\/v2\/product_tag?post=3496"}],"curies":[{"name":"wp","href":"https:\/\/api.w.org\/{rel}","templated":true}]}}