{"id":3521,"date":"2025-01-31T13:43:13","date_gmt":"2025-01-31T13:43:13","guid":{"rendered":"https:\/\/raicesargentinas.it\/product\/gran-reserva-pinot-noir\/"},"modified":"2025-02-03T19:40:54","modified_gmt":"2025-02-03T19:40:54","slug":"gran-reserva-pinot-noir","status":"publish","type":"product","link":"https:\/\/raicesargentinas.it\/fr\/product\/gran-reserva-pinot-noir\/","title":{"rendered":"GRAN RESERVA &#8211; PINOT NOIR"},"content":{"rendered":"<p>Vin rouge 100% Pinot Noir. S\u00e9lection manuelle des grappes. 95% des grappes sont \u00e9grapp\u00e9es et les 5% restantes restent avec les rafles. Mac\u00e9ration d&rsquo;environ 18 jours. Fermentation alcoolique avec des levures indig\u00e8nes \u00e0 une temp\u00e9rature comprise entre 18 et 15\u00b0C. D\u00e9couvrez les f\u00fbts de ch\u00eane fran\u00e7ais.<br \/>\nFermentation malolactique. 12 mois d&rsquo;affinage en f\u00fbts et fractionnement ult\u00e9rieur.<\/p>\n","protected":false},"excerpt":{"rendered":"<p>Vin rouge 100% Pinot Noir. S\u00e9lection manuelle des grappes. 95% des grappes sont \u00e9grapp\u00e9es et les 5% restantes restent avec les rafles. Mac\u00e9ration d&rsquo;environ 18 jours. Fermentation alcoolique avec des levures indig\u00e8nes \u00e0 une temp\u00e9rature comprise entre 18 et 15\u00b0C. D\u00e9couvrez les f\u00fbts de ch\u00eane fran\u00e7ais. Fermentation malolactique. 12 mois d&rsquo;affinage en f\u00fbts et fractionnement [&hellip;]<\/p>\n","protected":false},"featured_media":3485,"template":"","meta":[],"product_cat":[114,255],"product_tag":[],"_links":{"self":[{"href":"https:\/\/raicesargentinas.it\/fr\/wp-json\/wp\/v2\/product\/3521"}],"collection":[{"href":"https:\/\/raicesargentinas.it\/fr\/wp-json\/wp\/v2\/product"}],"about":[{"href":"https:\/\/raicesargentinas.it\/fr\/wp-json\/wp\/v2\/types\/product"}],"wp:featuredmedia":[{"embeddable":true,"href":"https:\/\/raicesargentinas.it\/fr\/wp-json\/wp\/v2\/media\/3485"}],"wp:attachment":[{"href":"https:\/\/raicesargentinas.it\/fr\/wp-json\/wp\/v2\/media?parent=3521"}],"wp:term":[{"taxonomy":"product_cat","embeddable":true,"href":"https:\/\/raicesargentinas.it\/fr\/wp-json\/wp\/v2\/product_cat?post=3521"},{"taxonomy":"product_tag","embeddable":true,"href":"https:\/\/raicesargentinas.it\/fr\/wp-json\/wp\/v2\/product_tag?post=3521"}],"curies":[{"name":"wp","href":"https:\/\/api.w.org\/{rel}","templated":true}]}}